{"id":539,"date":"2025-07-15T23:20:49","date_gmt":"2025-07-15T23:20:49","guid":{"rendered":"https:\/\/mztsales.com\/about-us\/"},"modified":"2025-07-16T23:52:40","modified_gmt":"2025-07-16T23:52:40","slug":"about-us","status":"publish","type":"page","link":"https:\/\/mztsales.com\/es\/about-us\/","title":{"rendered":"Qui\u00e9nes Somos"},"content":{"rendered":"<div class=\"wp-block-group alignfull hostinger-ai-our-projects-2 hostinger-ai-fade-up has-light-color has-color-2-background-color has-text-color has-background has-link-color wp-elements-b6f5491c7480770057bbdaabe16c590d is-layout-flow wp-container-core-group-is-layout-c87a9815 wp-block-group-is-layout-flow\" data-aos=\"fade-up\" style=\"margin-top:0;margin-bottom:0;padding-top:var(--wp--preset--spacing--20);padding-bottom:var(--wp--preset--spacing--50)\"><h2 style=\"padding-top:0;padding-bottom:0;margin-top:0;margin-bottom:0;\" class=\"has-text-align-center wp-block-post-title has-x-large-font-size\">Qui\u00e9nes Somos<\/h2>\n\n\n<p class=\"has-text-align-center\"> MZ Tech ha suministrado soluciones de proceso a la industria SMT desde 2018.<\/p>\n<\/div>\n\n\n\n<div class=\"wp-block-group alignwide hostinger-ai-fade-up has-global-padding is-layout-constrained wp-block-group-is-layout-constrained\" data-aos=\"fade-up\">\n<div class=\"wp-block-columns is-layout-flex wp-container-core-columns-is-layout-3ee12407 wp-block-columns-is-layout-flex\" style=\"margin-top:11px;margin-bottom:11px;padding-right:0;padding-left:0\">\n<div class=\"wp-block-column is-layout-flow wp-block-column-is-layout-flow\" style=\"flex-basis:33.33%\">\n<figure class=\"wp-block-image aligncenter size-full has-custom-border is-style-rounded\"><img loading=\"lazy\" decoding=\"async\" width=\"468\" height=\"417\" src=\"https:\/\/mztsales.com\/wp-content\/uploads\/2025\/07\/mission_icn.png\" alt=\"\" class=\"wp-image-550\" style=\"border-radius:15px;aspect-ratio:1;object-fit:cover\" srcset=\"https:\/\/mztsales.com\/wp-content\/uploads\/2025\/07\/mission_icn.png 468w, https:\/\/mztsales.com\/wp-content\/uploads\/2025\/07\/mission_icn-300x267.png 300w, https:\/\/mztsales.com\/wp-content\/uploads\/2025\/07\/mission_icn-13x12.png 13w\" sizes=\"auto, (max-width: 468px) 100vw, 468px\" \/><\/figure>\n<\/div>\n\n\n\n<div class=\"wp-block-column is-layout-flow wp-block-column-is-layout-flow\" style=\"flex-basis:66.66%\">\n<div class=\"wp-block-group is-vertical is-layout-flex wp-container-core-group-is-layout-98bb686d wp-block-group-is-layout-flex\">\n<h2 class=\"wp-block-heading has-dark-color has-text-color has-link-color has-large-font-size wp-elements-beb0f3be59467bec1722361401b67cb0\">Misi\u00f3n<\/h2>\n\n\n\n<p>Ser el socio m\u00e1s confiable para nuestros clientes y proveedores, ofreciendo un servicio excepcional y los consumibles y productos de control de proceso m\u00e1s fiables para SMT (Tecnolog\u00eda de Montaje Superficial).<\/p>\n<\/div>\n<\/div>\n<\/div>\n\n\n\n<div class=\"wp-block-columns is-layout-flex wp-container-core-columns-is-layout-3ee12407 wp-block-columns-is-layout-flex\" style=\"margin-top:11px;margin-bottom:11px;padding-right:0;padding-left:0\">\n<div class=\"wp-block-column is-layout-flow wp-block-column-is-layout-flow\" style=\"flex-basis:33.33%\">\n<figure class=\"wp-block-image aligncenter size-full has-custom-border is-style-rounded\"><img loading=\"lazy\" decoding=\"async\" width=\"372\" height=\"337\" src=\"https:\/\/mztsales.com\/wp-content\/uploads\/2025\/07\/values_icn.png\" alt=\"\" class=\"wp-image-548\" style=\"border-radius:15px;aspect-ratio:1;object-fit:cover\" srcset=\"https:\/\/mztsales.com\/wp-content\/uploads\/2025\/07\/values_icn.png 372w, https:\/\/mztsales.com\/wp-content\/uploads\/2025\/07\/values_icn-300x272.png 300w, https:\/\/mztsales.com\/wp-content\/uploads\/2025\/07\/values_icn-13x12.png 13w\" sizes=\"auto, (max-width: 372px) 100vw, 372px\" \/><\/figure>\n<\/div>\n\n\n\n<div class=\"wp-block-column is-layout-flow wp-block-column-is-layout-flow\" style=\"flex-basis:66.66%\">\n<div class=\"wp-block-group is-vertical is-layout-flex wp-container-core-group-is-layout-98bb686d wp-block-group-is-layout-flex\">\n<h2 class=\"wp-block-heading has-dark-color has-text-color has-link-color has-large-font-size wp-elements-9a77eef0eb713b5af186762722e053da\">Valores<\/h2>\n\n\n\n<ul class=\"wp-block-list\">\n<li><strong>Integridad<\/strong><br>Llevamos a cabo todos los negocios con honestidad, transparencia y responsabilidad. La integridad es la base de nuestras decisiones y acciones.<\/li>\n\n\n\n<li><strong>Excelencia<\/strong><br>Nos esforzamos por la excelencia en nuestros productos, servicios y relaciones. Nuestro objetivo es superar constantemente las expectativas a trav\u00e9s de la calidad y el compromiso.<\/li>\n\n\n\n<li><strong>Rentabilidad Orientada a un Prop\u00f3sito<\/strong><br>Creemos que la rentabilidad es esencial para la sostenibilidad, pero nunca a costa de nuestros valores, nuestra gente o nuestros principios.<\/li>\n\n\n\n<li><strong>Respeto por el Tiempo<\/strong><br>Valoramos el tiempo como un recurso precioso. Lo invertimos sabiamente y recompensamos el rendimiento, no la presencia.<\/li>\n\n\n\n<li><strong>Fe, Familia y Pa\u00eds<\/strong><br>Estamos comprometidos a honrar a Dios, fomentar fuertes lazos familiares y apoyar a nuestro pa\u00eds. Estos principios gu\u00edan tanto nuestras vidas personales como profesionales.<\/li>\n<\/ul>\n<\/div>\n<\/div>\n<\/div>\n\n\n\n<div class=\"wp-block-columns is-layout-flex wp-container-core-columns-is-layout-3ee12407 wp-block-columns-is-layout-flex\" style=\"margin-top:11px;margin-bottom:11px;padding-right:0;padding-left:0\">\n<div class=\"wp-block-column is-layout-flow wp-block-column-is-layout-flow\" style=\"flex-basis:33.33%\">\n<figure class=\"wp-block-image aligncenter size-full has-custom-border is-style-rounded\"><img loading=\"lazy\" decoding=\"async\" width=\"635\" height=\"557\" src=\"https:\/\/mztsales.com\/wp-content\/uploads\/2025\/07\/strategy_icon.png\" alt=\"\" class=\"wp-image-557\" style=\"border-radius:15px;aspect-ratio:1;object-fit:cover\" srcset=\"https:\/\/mztsales.com\/wp-content\/uploads\/2025\/07\/strategy_icon.png 635w, https:\/\/mztsales.com\/wp-content\/uploads\/2025\/07\/strategy_icon-300x263.png 300w, https:\/\/mztsales.com\/wp-content\/uploads\/2025\/07\/strategy_icon-14x12.png 14w\" sizes=\"auto, (max-width: 635px) 100vw, 635px\" \/><\/figure>\n<\/div>\n\n\n\n<div class=\"wp-block-column is-layout-flow wp-block-column-is-layout-flow\" style=\"flex-basis:66.66%\">\n<div class=\"wp-block-group is-vertical is-layout-flex wp-container-core-group-is-layout-98bb686d wp-block-group-is-layout-flex\">\n<h2 class=\"wp-block-heading has-dark-color has-text-color has-link-color has-large-font-size wp-elements-dc6fe8fb40f1db9abec6fed48bc7b403\">Estrategia<\/h2>\n\n\n\n<ul class=\"wp-block-list\">\n<li><strong>El Servicio es el Punto de Partida<\/strong><br>Nuestro enfoque comienza con la comprensi\u00f3n y satisfacci\u00f3n de las necesidades reales de nuestros clientes. Proporcionar un servicio excepcional es la base que nos impulsar\u00e1.<\/li>\n\n\n\n<li><strong>Menos L\u00edneas, Mayor Enfoque<\/strong><br>Calidad sobre cantidad. No necesitamos un cat\u00e1logo de 500 p\u00e1ginas para tener \u00e9xito; nuestro \u00e9nfasis est\u00e1 en una selecci\u00f3n m\u00e1s peque\u00f1a y enfocada de productos y soluciones de alta calidad.<\/li>\n\n\n\n<li><strong>Soluciones Personalizadas y Dedicadas<\/strong><br>Reconocemos que cada cliente tiene necesidades \u00fanicas. Al adaptar nuestro enfoque a cada cliente, aseguramos un soporte dedicado y soluciones personalizadas que impulsan el \u00e9xito.<\/li>\n\n\n\n<li><strong>Persistencia y Consistencia<\/strong><br>Creemos en mantenernos comprometidos con el proceso. \"Todav\u00eda no\" no significa \"No\"; con persistencia y consistencia, convertimos los desaf\u00edos en oportunidades.<\/li>\n<\/ul>\n<\/div>\n<\/div>\n<\/div>\n<\/div>","protected":false},"excerpt":{"rendered":"<p>MZ Tech has supplied process solutions to the SMT Industry since 2018 Mission To be the most trusted partner to our customers and suppliers by delivering exceptional service and the most reliable consumables and process control products for SMT (Surface Mount Technology). Values Strategy<\/p>","protected":false},"author":1,"featured_media":0,"parent":0,"menu_order":0,"comment_status":"closed","ping_status":"closed","template":"","meta":{"footnotes":""},"class_list":["post-539","page","type-page","status-publish","hentry"],"_links":{"self":[{"href":"https:\/\/mztsales.com\/es\/wp-json\/wp\/v2\/pages\/539","targetHints":{"allow":["GET"]}}],"collection":[{"href":"https:\/\/mztsales.com\/es\/wp-json\/wp\/v2\/pages"}],"about":[{"href":"https:\/\/mztsales.com\/es\/wp-json\/wp\/v2\/types\/page"}],"author":[{"embeddable":true,"href":"https:\/\/mztsales.com\/es\/wp-json\/wp\/v2\/users\/1"}],"replies":[{"embeddable":true,"href":"https:\/\/mztsales.com\/es\/wp-json\/wp\/v2\/comments?post=539"}],"version-history":[{"count":10,"href":"https:\/\/mztsales.com\/es\/wp-json\/wp\/v2\/pages\/539\/revisions"}],"predecessor-version":[{"id":604,"href":"https:\/\/mztsales.com\/es\/wp-json\/wp\/v2\/pages\/539\/revisions\/604"}],"wp:attachment":[{"href":"https:\/\/mztsales.com\/es\/wp-json\/wp\/v2\/media?parent=539"}],"curies":[{"name":"wp","href":"https:\/\/api.w.org\/{rel}","templated":true}]}}